{"id":1153,"date":"2022-03-08T17:02:00","date_gmt":"2022-03-08T14:02:00","guid":{"rendered":"http:\/\/palmiyealisverismerkezi.com\/?page_id=1153"},"modified":"2022-03-08T17:02:48","modified_gmt":"2022-03-08T14:02:48","slug":"1153-2","status":"publish","type":"page","link":"http:\/\/palmiyealisverismerkezi.com\/index.php\/1153-2\/","title":{"rendered":"Duyurular"},"content":{"rendered":"<div  class='av-alb-blogposts template-blog  '  itemscope=\"itemscope\" itemtype=\"https:\/\/schema.org\/Blog\" >\t<article class=\"entry\">\n\t\t<header class=\"entry-content-header\">\n<h1 class='post-title entry-title '>Sonu\u00e7 Bulunamad\u0131<\/h1>\t\t<\/header>\n\n\t\t<p class=\"entry-content\"  itemprop=\"text\" >\u00dczg\u00fcn\u00fcz, hi\u00e7 bir g\u00f6nderi kriterinizle e\u015fle\u015fmedi<\/p>\n\n\t\t<footer class=\"entry-footer\"><\/footer>\n\t<\/article>\n\n<div class='single-big'><\/div><\/div>\n","protected":false},"excerpt":{"rendered":"","protected":false},"author":1,"featured_media":0,"parent":0,"menu_order":0,"comment_status":"closed","ping_status":"closed","template":"","meta":{"footnotes":""},"class_list":["post-1153","page","type-page","status-publish","hentry"],"_links":{"self":[{"href":"http:\/\/palmiyealisverismerkezi.com\/index.php\/wp-json\/wp\/v2\/pages\/1153","targetHints":{"allow":["GET"]}}],"collection":[{"href":"http:\/\/palmiyealisverismerkezi.com\/index.php\/wp-json\/wp\/v2\/pages"}],"about":[{"href":"http:\/\/palmiyealisverismerkezi.com\/index.php\/wp-json\/wp\/v2\/types\/page"}],"author":[{"embeddable":true,"href":"http:\/\/palmiyealisverismerkezi.com\/index.php\/wp-json\/wp\/v2\/users\/1"}],"replies":[{"embeddable":true,"href":"http:\/\/palmiyealisverismerkezi.com\/index.php\/wp-json\/wp\/v2\/comments?post=1153"}],"version-history":[{"count":3,"href":"http:\/\/palmiyealisverismerkezi.com\/index.php\/wp-json\/wp\/v2\/pages\/1153\/revisions"}],"predecessor-version":[{"id":1156,"href":"http:\/\/palmiyealisverismerkezi.com\/index.php\/wp-json\/wp\/v2\/pages\/1153\/revisions\/1156"}],"wp:attachment":[{"href":"http:\/\/palmiyealisverismerkezi.com\/index.php\/wp-json\/wp\/v2\/media?parent=1153"}],"curies":[{"name":"wp","href":"https:\/\/api.w.org\/{rel}","templated":true}]}}