{"id":513,"date":"2016-05-11T13:48:44","date_gmt":"2016-05-11T13:48:44","guid":{"rendered":"http:\/\/wpoffice\/enfold-fitness\/?page_id=513"},"modified":"2022-05-02T16:54:17","modified_gmt":"2022-05-02T13:54:17","slug":"contact","status":"publish","type":"page","link":"http:\/\/palmiyealisverismerkezi.com\/index.php\/contact\/","title":{"rendered":"\u0130leti\u015fim"},"content":{"rendered":"<div id='av_section_1'  class='avia-section av-4gjkft-dfe99119c3d447d34f624a803385a368 main_color avia-section-large avia-no-border-styling  avia-builder-el-0  el_before_av_section  avia-builder-el-first  avia-bg-style-scroll container_wrap sidebar_right'  ><div class='container av-section-cont-open' ><main  role=\"main\" itemprop=\"mainContentOfPage\"  class='template-page content  av-content-small alpha units'><div class='post-entry post-entry-type-page post-entry-513'><div class='entry-content-wrapper clearfix'>\n\n<style type=\"text\/css\" data-created_by=\"avia_inline_auto\" id=\"style-css-av-46mjtd-d35fa6d6ef65385975f78abd9880c970\">\n#top .av-special-heading.av-46mjtd-d35fa6d6ef65385975f78abd9880c970{\npadding-bottom:30px;\nfont-size:70px;\n}\nbody .av-special-heading.av-46mjtd-d35fa6d6ef65385975f78abd9880c970 .av-special-heading-tag .heading-char{\nfont-size:25px;\n}\n#top #wrap_all .av-special-heading.av-46mjtd-d35fa6d6ef65385975f78abd9880c970 .av-special-heading-tag{\nfont-size:70px;\n}\n.av-special-heading.av-46mjtd-d35fa6d6ef65385975f78abd9880c970 .av-subheading{\nfont-size:15px;\n}\n<\/style>\n<div  class='av-special-heading av-46mjtd-d35fa6d6ef65385975f78abd9880c970 av-special-heading-h1 blockquote modern-quote  avia-builder-el-1  el_before_av_three_fifth  avia-builder-el-first  av-thin-font av-inherit-size'><h1 class='av-special-heading-tag'  itemprop=\"headline\"  >ADRES VE TELEFON<strong>.<\/strong><\/h1><div class=\"special-heading-border\"><div class=\"special-heading-inner-border\"><\/div><\/div><\/div>\n\n<style type=\"text\/css\" data-created_by=\"avia_inline_auto\" id=\"style-css-av-3rybm1-031cedfde7f69aaf61806766af42890a\">\n.flex_column.av-3rybm1-031cedfde7f69aaf61806766af42890a{\nborder-radius:0px 0px 0px 0px;\n-webkit-border-radius:0px 0px 0px 0px;\n-moz-border-radius:0px 0px 0px 0px;\n}\n<\/style>\n<div class='flex_column av-3rybm1-031cedfde7f69aaf61806766af42890a av_three_fifth  avia-builder-el-2  el_after_av_heading  el_before_av_two_fifth  first flex_column_div av-zero-column-padding '   ><section  class='av_textblock_section av-crfqx-b8feae221e1c7b55fcec07edf90406b9'  itemscope=\"itemscope\" itemtype=\"https:\/\/schema.org\/CreativeWork\" ><div class='avia_textblock'  itemprop=\"text\" ><p><strong>Adres:<\/strong><br \/>\nMithatpa\u015fa Cad. No:34<br \/>\nBal\u00e7ova &#8211; \u0130zmir<\/p>\n<p><strong>Telefon:<br \/>\n<\/strong>0232 279 10 20<\/p>\n<p><strong>Faks:<br \/>\n<\/strong>0232 279 18 19<br \/>\nbilgi@palmiyealisverismerkezi.com<\/p>\n<\/div><\/section><\/div>\n<style type=\"text\/css\" data-created_by=\"avia_inline_auto\" id=\"style-css-av-3e4xqx-9052d2a779c8e9cf82dfc3a2fa4f78d9\">\n.flex_column.av-3e4xqx-9052d2a779c8e9cf82dfc3a2fa4f78d9{\nborder-radius:0px 0px 0px 0px;\n-webkit-border-radius:0px 0px 0px 0px;\n-moz-border-radius:0px 0px 0px 0px;\n}\n<\/style>\n<div class='flex_column av-3e4xqx-9052d2a779c8e9cf82dfc3a2fa4f78d9 av_two_fifth  avia-builder-el-4  el_after_av_three_fifth  avia-builder-el-last  flex_column_div av-zero-column-padding '   ><section  class='av_textblock_section av-36j3q1-9067ff422abbfddaba098cef052e40a8'  itemscope=\"itemscope\" itemtype=\"https:\/\/schema.org\/CreativeWork\" ><div class='avia_textblock'  itemprop=\"text\" ><p><strong>\u00c7al\u0131\u015fma Saatleri:<\/strong><br \/>\nHaftai\u00e7i: 10:00-22:00<br \/>\nHaftasonu: 10:00-22:00<\/p>\n<\/div><\/section><\/div><\/div><\/div><\/main><!-- close content main element --><\/div><\/div>\n<style type=\"text\/css\" data-created_by=\"avia_inline_auto\" id=\"style-css-av-31eh49-5d19ab4a17284cc76013fce520474830\">\n.avia-section.av-31eh49-5d19ab4a17284cc76013fce520474830{\nbackground-color:#7c7c7c;\n}\n.avia-section.av-31eh49-5d19ab4a17284cc76013fce520474830 .av-section-color-overlay{\nopacity:0.8;\nbackground-color:#000000;\n}\n<\/style>\n<div id='av_section_2'  class='avia-section av-31eh49-5d19ab4a17284cc76013fce520474830 alternate_color avia-section-huge avia-no-border-styling  avia-builder-el-6  el_after_av_section  el_before_av_google_map  avia-bg-style-fixed av-section-color-overlay-active container_wrap sidebar_right'  ><div class='av-section-color-overlay-wrap'><div class=\"av-section-color-overlay\"><\/div><div class='container av-section-cont-open' ><div class='template-page content  av-content-small alpha units'><div class='post-entry post-entry-type-page post-entry-513'><div class='entry-content-wrapper clearfix'>\n\n<style type=\"text\/css\" data-created_by=\"avia_inline_auto\" id=\"style-css-av-2vw7rt-54e7e6a7a0d4bee61c36b2eb1f4c2a4b\">\n.flex_column.av-2vw7rt-54e7e6a7a0d4bee61c36b2eb1f4c2a4b{\nborder-radius:0px 0px 0px 0px;\n-webkit-border-radius:0px 0px 0px 0px;\n-moz-border-radius:0px 0px 0px 0px;\n}\n<\/style>\n<div class='flex_column av-2vw7rt-54e7e6a7a0d4bee61c36b2eb1f4c2a4b av_three_fifth  avia-builder-el-7  el_before_av_two_fifth  avia-builder-el-first  first flex_column_div av-zero-column-padding '   ><p>\n<style type=\"text\/css\" data-created_by=\"avia_inline_auto\" id=\"style-css-av-2qj9s9-87cb47c52612ba54148300de6e4cc4fd\">\n#top .av-special-heading.av-2qj9s9-87cb47c52612ba54148300de6e4cc4fd{\npadding-bottom:20px;\nfont-size:50px;\n}\nbody .av-special-heading.av-2qj9s9-87cb47c52612ba54148300de6e4cc4fd .av-special-heading-tag .heading-char{\nfont-size:25px;\n}\n#top #wrap_all .av-special-heading.av-2qj9s9-87cb47c52612ba54148300de6e4cc4fd .av-special-heading-tag{\nfont-size:50px;\n}\n.av-special-heading.av-2qj9s9-87cb47c52612ba54148300de6e4cc4fd .av-subheading{\nfont-size:15px;\n}\n<\/style>\n<div  class='av-special-heading av-2qj9s9-87cb47c52612ba54148300de6e4cc4fd av-special-heading-h1 blockquote modern-quote modern-centered  avia-builder-el-8  el_before_av_contact  avia-builder-el-first  av-thin-font av-inherit-size'><h1 class='av-special-heading-tag'  itemprop=\"headline\"  >\u0130LET\u0130\u015e\u0130M FORMU<strong>.<\/strong><\/h1><div class=\"special-heading-border\"><div class=\"special-heading-inner-border\"><\/div><\/div><\/div><br \/>\n<form action=\"http:\/\/palmiyealisverismerkezi.com\/index.php\/contact\/\" method=\"post\"  class=\"avia_ajax_form av-form-labels-hidden   avia-builder-el-9  el_after_av_heading  avia-builder-el-last  av-custom-form-color av-light-form \" data-avia-form-id=\"1\" data-avia-redirect='' ><fieldset><p class='  first_form  form_element form_element_half' id='element_avia_1_1'><label for=\"avia_1_1\">\u0130sim <abbr class=\"required\" title=\"Zorunlu\">*<\/abbr><\/label> <input name=\"avia_1_1\" class=\"text_input is_empty\" type=\"text\" id=\"avia_1_1\" value=\"\"  placeholder='\u0130sim*'\/><\/p><p class='  form_element form_element_half' id='element_avia_2_1'><label for=\"avia_2_1\">E-Mail<\/label> <input name=\"avia_2_1\" class=\"text_input \" type=\"text\" id=\"avia_2_1\" value=\"\"  placeholder='E-Mail'\/><\/p><p class='  first_form  form_element form_fullwidth' id='element_avia_3_1'><label for=\"avia_3_1\">Konu <abbr class=\"required\" title=\"Zorunlu\">*<\/abbr><\/label> <input name=\"avia_3_1\" class=\"text_input is_empty\" type=\"text\" id=\"avia_3_1\" value=\"\"  placeholder='Konu*'\/><\/p><p class='  first_form  form_element form_fullwidth av-last-visible-form-element' id='element_avia_4_1'><label for=\"avia_4_1\" class=\"textare_label hidden textare_label_avia_4_1\">Mesaj\u0131n\u0131z <abbr class=\"required\" title=\"Zorunlu\">*<\/abbr><\/label><textarea  placeholder='Mesaj\u0131n\u0131z*' name=\"avia_4_1\" class=\"text_area is_empty\" cols=\"40\" rows=\"7\" id=\"avia_4_1\" ><\/textarea><\/p><p class=\"hidden\"><input type=\"text\" name=\"avia_5_1\" class=\"hidden \" id=\"avia_5_1\" value=\"\" \/><\/p><p class=\"form_element \"><input type=\"hidden\" value=\"1\" name=\"avia_generated_form1\" \/><input type=\"submit\" value=\"G\u00f6nder\" class=\"button\"  data-sending-label=\"G\u00f6nderiliyor\"\/><\/p><\/fieldset><\/form><div id=\"ajaxresponse_1\" class=\"ajaxresponse ajaxresponse_1 hidden\"><\/div><\/p><\/div>\n<style type=\"text\/css\" data-created_by=\"avia_inline_auto\" id=\"style-css-av-1t7ntt-d9bef6ab755503f2aa306f459cc3cd0f\">\n.flex_column.av-1t7ntt-d9bef6ab755503f2aa306f459cc3cd0f{\nborder-radius:0px 0px 0px 0px;\n-webkit-border-radius:0px 0px 0px 0px;\n-moz-border-radius:0px 0px 0px 0px;\n}\n<\/style>\n<div class='flex_column av-1t7ntt-d9bef6ab755503f2aa306f459cc3cd0f av_two_fifth  avia-builder-el-10  el_after_av_three_fifth  avia-builder-el-last  flex_column_div av-zero-column-padding '   ><p>\n<style type=\"text\/css\" data-created_by=\"avia_inline_auto\" id=\"style-css-av-1mzj5l-2d222a651559eccc7ab29d8ea8484c20\">\n#top .av-special-heading.av-1mzj5l-2d222a651559eccc7ab29d8ea8484c20{\npadding-bottom:20px;\nfont-size:50px;\n}\nbody .av-special-heading.av-1mzj5l-2d222a651559eccc7ab29d8ea8484c20 .av-special-heading-tag .heading-char{\nfont-size:25px;\n}\n#top #wrap_all .av-special-heading.av-1mzj5l-2d222a651559eccc7ab29d8ea8484c20 .av-special-heading-tag{\nfont-size:50px;\n}\n.av-special-heading.av-1mzj5l-2d222a651559eccc7ab29d8ea8484c20 .av-subheading{\nfont-size:15px;\n}\n<\/style>\n<div  class='av-special-heading av-1mzj5l-2d222a651559eccc7ab29d8ea8484c20 av-special-heading-h1 blockquote modern-quote modern-centered  avia-builder-el-11  el_before_av_textblock  avia-builder-el-first  av-thin-font av-inherit-size'><h1 class='av-special-heading-tag'  itemprop=\"headline\"  >Bilgi<strong>&#8230;<\/strong><\/h1><div class=\"special-heading-border\"><div class=\"special-heading-inner-border\"><\/div><\/div><\/div><br \/>\n\n<style type=\"text\/css\" data-created_by=\"avia_inline_auto\" id=\"style-css-av-1fqn6h-d6b8cddb1fb640935d6eb7cb0c224bb3\">\n#top .av_textblock_section.av-1fqn6h-d6b8cddb1fb640935d6eb7cb0c224bb3 .avia_textblock{\ncolor:#ffffff;\n}\n<\/style>\n<section  class='av_textblock_section av-1fqn6h-d6b8cddb1fb640935d6eb7cb0c224bb3'  itemscope=\"itemscope\" itemtype=\"https:\/\/schema.org\/CreativeWork\" ><div class='avia_textblock av_inherit_color'  itemprop=\"text\" ><p>Soru &#8211; G\u00f6r\u00fc\u015f ve \u00d6nerileriniz bizler i\u00e7in de\u011ferli. Palmiye AVM ile ilgili sorular\u0131n\u0131z , de\u011ferlendirmeleriniz , \u00f6nerileriniz ve Palmiye AVM ile ilgili \u015fikayetleriniz i\u00e7in l\u00fctfen bize \u00e7ekinmeden yaz\u0131n.<\/p>\n<\/div><\/section><\/p><\/div>\n<\/p>\n<div  class='av_gmaps_sc_main_wrap av_gmaps_main_wrap '><div id='av_gmap_0' class='avia-google-map-container avia-google-map-sc av_gmaps_show_unconditionally av-no-fallback-img ' data-mapid='av_gmap_0'  style='height: 400px;'><a class=\"av_gmaps_browser_disabled av_text_confirm_link av_text_confirm_link_visible\" href=\"https:\/\/www.google.com\/maps\/search\/?api=1&#038;query=mithatpa\u015fa%20caddesi%20no:34%2035330\" target=\"_blank\" rel=\"noopener\">Maps were disabled by the visitor on this site. Click to open the map in a new window.<\/a><\/div><\/div>\n","protected":false},"excerpt":{"rendered":"","protected":false},"author":1,"featured_media":0,"parent":0,"menu_order":0,"comment_status":"closed","ping_status":"closed","template":"","meta":{"footnotes":""},"class_list":["post-513","page","type-page","status-publish","hentry"],"_links":{"self":[{"href":"http:\/\/palmiyealisverismerkezi.com\/index.php\/wp-json\/wp\/v2\/pages\/513","targetHints":{"allow":["GET"]}}],"collection":[{"href":"http:\/\/palmiyealisverismerkezi.com\/index.php\/wp-json\/wp\/v2\/pages"}],"about":[{"href":"http:\/\/palmiyealisverismerkezi.com\/index.php\/wp-json\/wp\/v2\/types\/page"}],"author":[{"embeddable":true,"href":"http:\/\/palmiyealisverismerkezi.com\/index.php\/wp-json\/wp\/v2\/users\/1"}],"replies":[{"embeddable":true,"href":"http:\/\/palmiyealisverismerkezi.com\/index.php\/wp-json\/wp\/v2\/comments?post=513"}],"version-history":[{"count":21,"href":"http:\/\/palmiyealisverismerkezi.com\/index.php\/wp-json\/wp\/v2\/pages\/513\/revisions"}],"predecessor-version":[{"id":1159,"href":"http:\/\/palmiyealisverismerkezi.com\/index.php\/wp-json\/wp\/v2\/pages\/513\/revisions\/1159"}],"wp:attachment":[{"href":"http:\/\/palmiyealisverismerkezi.com\/index.php\/wp-json\/wp\/v2\/media?parent=513"}],"curies":[{"name":"wp","href":"https:\/\/api.w.org\/{rel}","templated":true}]}}