{"id":515,"date":"2016-05-11T13:49:10","date_gmt":"2016-05-11T13:49:10","guid":{"rendered":"http:\/\/wpoffice\/enfold-fitness\/?page_id=515"},"modified":"2022-02-26T01:14:18","modified_gmt":"2022-02-25T22:14:18","slug":"about","status":"publish","type":"page","link":"http:\/\/palmiyealisverismerkezi.com\/index.php\/about\/","title":{"rendered":"Hakk\u0131m\u0131zda"},"content":{"rendered":"<div id='av_section_1'  class='avia-section av-4ujx2r-b1a0a0cd2301634a9ea21f7563e2f660 main_color avia-section-small avia-no-border-styling  avia-builder-el-0  el_before_av_masonry_gallery  avia-builder-el-first  avia-bg-style-scroll container_wrap sidebar_right'  ><div class='container av-section-cont-open' ><main  role=\"main\" itemprop=\"mainContentOfPage\"  class='template-page content  av-content-small alpha units'><div class='post-entry post-entry-type-page post-entry-515'><div class='entry-content-wrapper clearfix'>\n\n<style type=\"text\/css\" data-created_by=\"avia_inline_auto\" id=\"style-css-av-4omyer-98a3b12c1813155a5e1f67eb84d4e6e4\">\n#top .av-special-heading.av-4omyer-98a3b12c1813155a5e1f67eb84d4e6e4{\npadding-bottom:30px;\nfont-size:70px;\n}\nbody .av-special-heading.av-4omyer-98a3b12c1813155a5e1f67eb84d4e6e4 .av-special-heading-tag .heading-char{\nfont-size:25px;\n}\n#top #wrap_all .av-special-heading.av-4omyer-98a3b12c1813155a5e1f67eb84d4e6e4 .av-special-heading-tag{\nfont-size:70px;\n}\n.av-special-heading.av-4omyer-98a3b12c1813155a5e1f67eb84d4e6e4 .av-subheading{\nfont-size:15px;\n}\n<\/style>\n<div  class='av-special-heading av-4omyer-98a3b12c1813155a5e1f67eb84d4e6e4 av-special-heading-h1 blockquote modern-quote  avia-builder-el-1  el_before_av_one_full  avia-builder-el-first  av-thin-font av-inherit-size'><h1 class='av-special-heading-tag'  itemprop=\"headline\"  >HAKKIMIZDA<strong>.<\/strong><\/h1><div class=\"special-heading-border\"><div class=\"special-heading-inner-border\"><\/div><\/div><\/div>\n\n<style type=\"text\/css\" data-created_by=\"avia_inline_auto\" id=\"style-css-av-4intt7-c77c745ee32f7c82d9b2028c13fa6901\">\n.flex_column.av-4intt7-c77c745ee32f7c82d9b2028c13fa6901{\nborder-radius:0px 0px 0px 0px;\n-webkit-border-radius:0px 0px 0px 0px;\n-moz-border-radius:0px 0px 0px 0px;\n}\n<\/style>\n<div class='flex_column av-4intt7-c77c745ee32f7c82d9b2028c13fa6901 av_one_full  avia-builder-el-2  el_after_av_heading  avia-builder-el-last  first flex_column_div av-zero-column-padding '   ><p><section  class='av_textblock_section av-4csh0j-d935cf2a5db88ac8a9f3553f65270e43'  itemscope=\"itemscope\" itemtype=\"https:\/\/schema.org\/CreativeWork\" ><div class='avia_textblock'  itemprop=\"text\" ><p>Palmiye Al\u0131\u015fveri\u015f Merkezi, \u0130zmir&#8217;in \u00f6nemli yerle\u015fim merkezlerinden biri olan Bal\u00e7ova&#8217;da 15.000 m2 arsa \u00fczerinde, toplam 23.500m2 kapal\u0131 alanda yer alan 3 katl\u0131, y\u00fcksek kaliteli bir merkezdir.<\/p>\n<p>Bal\u00e7ova&#8217;n\u0131n en i\u015flek caddesi Mithatpa\u015fa ile \u0130zmir &#8211; \u00c7e\u015fme otoyolu aras\u0131nda bulunan Palmiye&#8217;ye, toplu ta\u015f\u0131ma ara\u00e7lar\u0131yla rahat\u00e7a ula\u015f\u0131labilmektedir. Geni\u015f kapasiteli kapal\u0131 ve a\u00e7\u0131k otoparklar\u0131 mevcuttur. Merkezimizin bir yan\u0131nda Agora avm , di\u011fer yan\u0131nda CarrefourSA yer almaktad\u0131r.<\/p>\n<p>\u0130zmir&#8217;in simgesi olmas\u0131 nedeniyle Palmiye ismi verilen Al\u0131\u015fveri\u015f Merkezi, ziyaret\u00e7ilerini etkileyen \u00e7ekici bir giri\u015fe, geni\u015f, ayd\u0131nl\u0131k, cazip bir orta mekana sahiptir. Ana hol yap\u0131s\u0131, Mithatpa\u015fa Caddesi taraf\u0131ndan girilip, CarrefourSA taraf\u0131ndan \u00e7\u0131k\u0131lan bir \u0130zmir Soka\u011f\u0131 \u015feklindedir.<\/p>\n<p>Orta mekanda bir havuz ve panoramik asans\u00f6r\u00fcn bulundu\u011fu 16 m y\u00fcksekli\u011finde bir atrium bulunmaktad\u0131r. Al\u0131\u015fveri\u015f merkezinin alt kat\u0131nda, i\u015fg\u00f6ren Poligon a\u201d ait 1100m2&#8242; lik, at\u0131\u015f alan\u0131 bulunmaktad\u0131r..<\/p>\n<p>Merkezi sistem iklimlendirmesi ve binada engelliler i\u00e7in \u00f6zel park yerleri, \u00f6zel WC hacimleri ve rampalar d\u00fc\u015f\u00fcn\u00fclm\u00fc\u015ft\u00fcr.<\/p>\n<p>Mobilya sekt\u00f6r\u00fcn\u00fcn \u00f6nc\u00fc Markalar\u0131ndan Bellona, Alfemo\u00a0 ve di\u011fer mobilya ma\u011fazalar\u0131 Teknoloji markas\u0131 Vatan Bilgisayar, Beyaz E\u015fya Markalar\u0131 bosch, Profilo, ile\u00a0 Bay, bayan, gen\u00e7 ve \u00a0spor, Sanat etkinlikleri , hediyelik e\u015fya, \u00e7e\u015fitli yemek b\u00f6l\u00fcmleri, \u00e7ay evi,\u00a0 ayakkab\u0131, \u00e7anta, hal\u0131\u00a0 v.s gibi sekt\u00f6rleri b\u00fcnyesinde bar\u0131nd\u0131rmaktad\u0131r.<\/p>\n<p>Zemin katta yer alan, bah\u00e7eye a\u00e7\u0131lan ve farkl\u0131 lezzetleri canl\u0131 m\u00fczik e\u015fli\u011finde m\u00fc\u015fterilerine sunan \u00a0Hey Tax\u0131 Cafe\u00a0\u00a0 ve Sir Winston cafe \u0130zmir&#8217;in sevilen ve g\u00f6zde mekanlar\u0131 aras\u0131ndad\u0131r.<\/p>\n<p>04 Ekim 2003 tarihinde a\u00e7\u0131lan Palmiye Al\u0131\u015fveri\u015f Merkezi, bol \u00e7e\u015fit, \u00e7ok se\u00e7enek, uygun fiyat, kaliteli \u00fcr\u00fcn, g\u00fcler y\u00fczl\u00fc servis anlay\u0131\u015f\u0131 ile hizmet vermektedir.<\/p>\n<\/div><\/section><br \/>\n\n<style type=\"text\/css\" data-created_by=\"avia_inline_auto\" id=\"style-css-av-47ksub-c4b2a07215e21873ea1e20677b87ae65\">\n#top .hr.hr-invisible.av-47ksub-c4b2a07215e21873ea1e20677b87ae65{\nheight:30px;\n}\n<\/style>\n<div  class='hr av-47ksub-c4b2a07215e21873ea1e20677b87ae65 hr-invisible  avia-builder-el-4  el_after_av_textblock  avia-builder-el-last '><span class='hr-inner '><span class=\"hr-inner-style\"><\/span><\/span><\/div><\/p><\/div>\n\n\n<style type=\"text\/css\" data-created_by=\"avia_inline_auto\" id=\"style-css-av-38buqr-76668af98eddb2e6a82a56cc57860a59\">\n#top .av-masonry.av-38buqr-76668af98eddb2e6a82a56cc57860a59{\nbackground-color:#191919;\n}\n<\/style>\n<div id='av-masonry-1' class='av-masonry av-38buqr-76668af98eddb2e6a82a56cc57860a59 noHover av-fixed-size av-large-gap av-hover-overlay-active av-masonry-animation-active av-masonry-col-5 av-caption-always av-caption-style- av-masonry-gallery '><div class=\"av-masonry-container isotope av-js-disabled\"><div class='av-masonry-entry isotope-item av-masonry-item-no-image '><\/div><a href=\"http:\/\/palmiyealisverismerkezi.com\/wp-content\/uploads\/2022\/02\/hakkimizda3.jpg\" data-srcset=\"http:\/\/palmiyealisverismerkezi.com\/wp-content\/uploads\/2022\/02\/hakkimizda3.jpg 300w, http:\/\/palmiyealisverismerkezi.com\/wp-content\/uploads\/2022\/02\/hakkimizda3-80x80.jpg 80w, http:\/\/palmiyealisverismerkezi.com\/wp-content\/uploads\/2022\/02\/hakkimizda3-36x36.jpg 36w, http:\/\/palmiyealisverismerkezi.com\/wp-content\/uploads\/2022\/02\/hakkimizda3-180x180.jpg 180w\" data-sizes=\"(max-width: 300px) 100vw, 300px\"  aria-label=\"image hakkimizda3\"  id='av-masonry-1-item-900' data-av-masonry-item='900' class='av-masonry-entry isotope-item post-900 attachment type-attachment status-inherit hentry  av-masonry-item-with-image' title=\"hakkimizda3\" alt=\"\"   itemprop=\"thumbnailUrl\" ><div class='av-inner-masonry-sizer'><\/div><figure class='av-inner-masonry main_color'><div class=\"av-masonry-outerimage-container\"><div class='av-masonry-image-container' style=\"background-image: url(http:\/\/palmiyealisverismerkezi.com\/wp-content\/uploads\/2022\/02\/hakkimizda3.jpg);\"  title=\"hakkimizda3\"  ><\/div><\/div><\/figure><\/a><!--end av-masonry entry--><a href=\"http:\/\/palmiyealisverismerkezi.com\/wp-content\/uploads\/2022\/02\/hakkimizda2.jpg\" data-srcset=\"http:\/\/palmiyealisverismerkezi.com\/wp-content\/uploads\/2022\/02\/hakkimizda2.jpg 300w, http:\/\/palmiyealisverismerkezi.com\/wp-content\/uploads\/2022\/02\/hakkimizda2-80x80.jpg 80w, http:\/\/palmiyealisverismerkezi.com\/wp-content\/uploads\/2022\/02\/hakkimizda2-36x36.jpg 36w, http:\/\/palmiyealisverismerkezi.com\/wp-content\/uploads\/2022\/02\/hakkimizda2-180x180.jpg 180w\" data-sizes=\"(max-width: 300px) 100vw, 300px\"  aria-label=\"image hakkimizda2\"  id='av-masonry-1-item-901' data-av-masonry-item='901' class='av-masonry-entry isotope-item post-901 attachment type-attachment status-inherit hentry  av-masonry-item-with-image' title=\"hakkimizda2\" alt=\"\"   itemprop=\"thumbnailUrl\" ><div class='av-inner-masonry-sizer'><\/div><figure class='av-inner-masonry main_color'><div class=\"av-masonry-outerimage-container\"><div class='av-masonry-image-container' style=\"background-image: url(http:\/\/palmiyealisverismerkezi.com\/wp-content\/uploads\/2022\/02\/hakkimizda2.jpg);\"  title=\"hakkimizda2\"  ><\/div><\/div><\/figure><\/a><!--end av-masonry entry--><a href=\"http:\/\/palmiyealisverismerkezi.com\/wp-content\/uploads\/2022\/02\/hakkimizda1.jpg\" data-srcset=\"http:\/\/palmiyealisverismerkezi.com\/wp-content\/uploads\/2022\/02\/hakkimizda1.jpg 300w, http:\/\/palmiyealisverismerkezi.com\/wp-content\/uploads\/2022\/02\/hakkimizda1-80x80.jpg 80w, http:\/\/palmiyealisverismerkezi.com\/wp-content\/uploads\/2022\/02\/hakkimizda1-36x36.jpg 36w, http:\/\/palmiyealisverismerkezi.com\/wp-content\/uploads\/2022\/02\/hakkimizda1-180x180.jpg 180w\" data-sizes=\"(max-width: 300px) 100vw, 300px\"  aria-label=\"image hakkimizda1\"  id='av-masonry-1-item-902' data-av-masonry-item='902' class='av-masonry-entry isotope-item post-902 attachment type-attachment status-inherit hentry  av-masonry-item-with-image' title=\"hakkimizda1\" alt=\"\"   itemprop=\"thumbnailUrl\" ><div class='av-inner-masonry-sizer'><\/div><figure class='av-inner-masonry main_color'><div class=\"av-masonry-outerimage-container\"><div class='av-masonry-image-container' style=\"background-image: url(http:\/\/palmiyealisverismerkezi.com\/wp-content\/uploads\/2022\/02\/hakkimizda1.jpg);\"  title=\"hakkimizda1\"  ><\/div><\/div><\/figure><\/a><!--end av-masonry entry--><a href=\"http:\/\/palmiyealisverismerkezi.com\/wp-content\/uploads\/2022\/02\/hakkimizda4.jpg\" data-srcset=\"http:\/\/palmiyealisverismerkezi.com\/wp-content\/uploads\/2022\/02\/hakkimizda4.jpg 300w, http:\/\/palmiyealisverismerkezi.com\/wp-content\/uploads\/2022\/02\/hakkimizda4-80x80.jpg 80w, http:\/\/palmiyealisverismerkezi.com\/wp-content\/uploads\/2022\/02\/hakkimizda4-36x36.jpg 36w, http:\/\/palmiyealisverismerkezi.com\/wp-content\/uploads\/2022\/02\/hakkimizda4-180x180.jpg 180w\" data-sizes=\"(max-width: 300px) 100vw, 300px\"  aria-label=\"image hakkimizda4\"  id='av-masonry-1-item-904' data-av-masonry-item='904' class='av-masonry-entry isotope-item post-904 attachment type-attachment status-inherit hentry  av-masonry-item-with-image' title=\"hakkimizda4\" alt=\"\"   itemprop=\"thumbnailUrl\" ><div class='av-inner-masonry-sizer'><\/div><figure class='av-inner-masonry main_color'><div class=\"av-masonry-outerimage-container\"><div class='av-masonry-image-container' style=\"background-image: url(http:\/\/palmiyealisverismerkezi.com\/wp-content\/uploads\/2022\/02\/hakkimizda4.jpg);\"  title=\"hakkimizda4\"  ><\/div><\/div><\/figure><\/a><!--end av-masonry entry--><a href=\"http:\/\/palmiyealisverismerkezi.com\/wp-content\/uploads\/2022\/02\/hakkimizda5-1.jpg\" data-srcset=\"http:\/\/palmiyealisverismerkezi.com\/wp-content\/uploads\/2022\/02\/hakkimizda5-1.jpg 300w, http:\/\/palmiyealisverismerkezi.com\/wp-content\/uploads\/2022\/02\/hakkimizda5-1-80x80.jpg 80w, http:\/\/palmiyealisverismerkezi.com\/wp-content\/uploads\/2022\/02\/hakkimizda5-1-36x36.jpg 36w, http:\/\/palmiyealisverismerkezi.com\/wp-content\/uploads\/2022\/02\/hakkimizda5-1-180x180.jpg 180w\" data-sizes=\"(max-width: 300px) 100vw, 300px\"  aria-label=\"image hakkimizda5\"  id='av-masonry-1-item-905' data-av-masonry-item='905' class='av-masonry-entry isotope-item post-905 attachment type-attachment status-inherit hentry  av-masonry-item-with-image' title=\"hakkimizda5\" alt=\"\"   itemprop=\"thumbnailUrl\" ><div class='av-inner-masonry-sizer'><\/div><figure class='av-inner-masonry main_color'><div class=\"av-masonry-outerimage-container\"><div class='av-masonry-image-container' style=\"background-image: url(http:\/\/palmiyealisverismerkezi.com\/wp-content\/uploads\/2022\/02\/hakkimizda5-1.jpg);\"  title=\"hakkimizda5\"  ><\/div><\/div><\/figure><\/a><!--end av-masonry entry--><\/div><\/div>\n<div id='av-layout-grid-1'  class='av-layout-grid-container av-33f6ej-5c0934f5ae6f464946984a4c648a851c entry-content-wrapper alternate_color av-flex-cells  avia-builder-el-6  el_after_av_masonry_gallery  avia-builder-el-last  grid-row-not-first  container_wrap sidebar_right'  >\n\n<style type=\"text\/css\" data-created_by=\"avia_inline_auto\" id=\"style-css-av-2yi1uz-957977b0052b3129e103996e87980f45\">\n.flex_cell.av-2yi1uz-957977b0052b3129e103996e87980f45{\nvertical-align:middle;\npadding:0px 0px 0px 0px;\nbackground:url(http:\/\/palmiyealisverismerkezi.com\/wp-content\/uploads\/2022\/02\/palmiye-avm_6.jpg) 0% 50% no-repeat scroll ;\n}\n<\/style>\n<div class='flex_cell av_one_half av-2yi1uz-957977b0052b3129e103996e87980f45 no_margin  avia-builder-el-7  el_before_av_cell_one_half  avia-builder-el-first  av-zero-padding avia-full-stretch' ><div class='flex_cell_inner'><\/div><\/div>\n<style type=\"text\/css\" data-created_by=\"avia_inline_auto\" id=\"style-css-av-2t0y6j-4d1da4687af0fd350f46a717e15477d3\">\n.flex_cell.av-2t0y6j-4d1da4687af0fd350f46a717e15477d3{\nvertical-align:middle;\npadding:100px 100px 100px 100px;\n}\n<\/style>\n<div class='flex_cell av_one_half av-2t0y6j-4d1da4687af0fd350f46a717e15477d3 no_margin  avia-builder-el-8  el_after_av_cell_one_half  avia-builder-el-last ' ><div class='flex_cell_inner'><p>\n<style type=\"text\/css\" data-created_by=\"avia_inline_auto\" id=\"style-css-av-2l1dk3-398a9f4047f7edd062bc557b9c8035c6\">\n#top .av-special-heading.av-2l1dk3-398a9f4047f7edd062bc557b9c8035c6{\npadding-bottom:20px;\nfont-size:50px;\n}\nbody .av-special-heading.av-2l1dk3-398a9f4047f7edd062bc557b9c8035c6 .av-special-heading-tag .heading-char{\nfont-size:25px;\n}\n#top #wrap_all .av-special-heading.av-2l1dk3-398a9f4047f7edd062bc557b9c8035c6 .av-special-heading-tag{\nfont-size:50px;\n}\n.av-special-heading.av-2l1dk3-398a9f4047f7edd062bc557b9c8035c6 .av-subheading{\nfont-size:15px;\n}\n<\/style>\n<div  class='av-special-heading av-2l1dk3-398a9f4047f7edd062bc557b9c8035c6 av-special-heading-h1 blockquote modern-quote  avia-builder-el-9  el_before_av_iconlist  avia-builder-el-first  av-thin-font av-inherit-size'><h1 class='av-special-heading-tag'  itemprop=\"headline\"  >PALM\u0130YE AVM<strong>&#8230;<\/strong><\/h1><div class=\"special-heading-border\"><div class=\"special-heading-inner-border\"><\/div><\/div><\/div><br \/>\n<div  class='avia-icon-list-container av-l02ybydb-12f644467e5302aac10d40209a036c9c  avia-builder-el-10  el_after_av_heading  avia-builder-el-last '><ul class='avia-icon-list avia_animate_when_almost_visible avia-icon-list-left av-iconlist-big av-l02ybydb-12f644467e5302aac10d40209a036c9c avia-iconlist-animate'>\n<li><div class='iconlist_icon av-l02y990o-202a3a08aa1368cca59cf60139ca7915 avia-font-entypo-fontello'><span class='iconlist-char' aria-hidden='true' data-av_icon='\ue808' data-av_iconfont='entypo-fontello'><\/span><\/div><article class=\"article-icon-entry av-iconlist-empty\"  itemscope=\"itemscope\" itemtype=\"https:\/\/schema.org\/CreativeWork\" ><div class=\"iconlist_content_wrap\"><header class=\"entry-content-header\"><h4 class='av_iconlist_title iconlist_title  '  itemprop=\"headline\" >23.500 Kapal\u0131 Alan<\/h4><\/header><div class='iconlist_content '  itemprop=\"text\" ><\/div><\/div><footer class=\"entry-footer\"><\/footer><\/article><div class=\"iconlist-timeline\"><\/div><\/li>\n<li><div class='iconlist_icon av-l02y9khe-7291b8ef89fe2e9535bcaa429a63fc4d avia-font-entypo-fontello'><span class='iconlist-char' aria-hidden='true' data-av_icon='\ue808' data-av_iconfont='entypo-fontello'><\/span><\/div><article class=\"article-icon-entry av-iconlist-empty\"  itemscope=\"itemscope\" itemtype=\"https:\/\/schema.org\/CreativeWork\" ><div class=\"iconlist_content_wrap\"><header class=\"entry-content-header\"><h4 class='av_iconlist_title iconlist_title  '  itemprop=\"headline\" >A\u00c7IK - KAPALI OTOPARK<\/h4><\/header><div class='iconlist_content '  itemprop=\"text\" ><\/div><\/div><footer class=\"entry-footer\"><\/footer><\/article><div class=\"iconlist-timeline\"><\/div><\/li>\n<li><div class='iconlist_icon av-l02ybbt8-eae6b5e4f97e794b577224df6e0a77f3 avia-font-entypo-fontello'><span class='iconlist-char' aria-hidden='true' data-av_icon='\ue808' data-av_iconfont='entypo-fontello'><\/span><\/div><article class=\"article-icon-entry av-iconlist-empty\"  itemscope=\"itemscope\" itemtype=\"https:\/\/schema.org\/CreativeWork\" ><div class=\"iconlist_content_wrap\"><header class=\"entry-content-header\"><h4 class='av_iconlist_title iconlist_title  '  itemprop=\"headline\" >ENGELL\u0130 PARK YER\u0130<\/h4><\/header><div class='iconlist_content '  itemprop=\"text\" ><\/div><\/div><footer class=\"entry-footer\"><\/footer><\/article><div class=\"iconlist-timeline\"><\/div><\/li>\n<li><div class='iconlist_icon av-l02y9vi1-78a4f24e280b4d135d9de10b19f10c84 avia-font-entypo-fontello'><span class='iconlist-char' aria-hidden='true' data-av_icon='\ue808' data-av_iconfont='entypo-fontello'><\/span><\/div><article class=\"article-icon-entry av-iconlist-empty\"  itemscope=\"itemscope\" itemtype=\"https:\/\/schema.org\/CreativeWork\" ><div class=\"iconlist_content_wrap\"><header class=\"entry-content-header\"><h4 class='av_iconlist_title iconlist_title  '  itemprop=\"headline\" >ENGELL\u0130 WC<\/h4><\/header><div class='iconlist_content '  itemprop=\"text\" ><\/div><\/div><footer class=\"entry-footer\"><\/footer><\/article><div class=\"iconlist-timeline\"><\/div><\/li>\n<li><div class='iconlist_icon av-l02ybkmx-746dcef0af58cac3594854edc9dae2d3 avia-font-entypo-fontello'><span class='iconlist-char' aria-hidden='true' data-av_icon='\ue808' data-av_iconfont='entypo-fontello'><\/span><\/div><article class=\"article-icon-entry av-iconlist-empty\"  itemscope=\"itemscope\" itemtype=\"https:\/\/schema.org\/CreativeWork\" ><div class=\"iconlist_content_wrap\"><header class=\"entry-content-header\"><h4 class='av_iconlist_title iconlist_title  '  itemprop=\"headline\" >MERKEZ\u0130 \u0130KL\u0130MLEND\u0130RME<\/h4><\/header><div class='iconlist_content '  itemprop=\"text\" ><\/div><\/div><footer class=\"entry-footer\"><\/footer><\/article><div class=\"iconlist-timeline\"><\/div><\/li>\n<\/ul><\/div><\/p>\n<\/div><\/div>\n<\/div>\n","protected":false},"excerpt":{"rendered":"","protected":false},"author":1,"featured_media":0,"parent":0,"menu_order":0,"comment_status":"closed","ping_status":"closed","template":"","meta":{"footnotes":""},"class_list":["post-515","page","type-page","status-publish","hentry"],"_links":{"self":[{"href":"http:\/\/palmiyealisverismerkezi.com\/index.php\/wp-json\/wp\/v2\/pages\/515","targetHints":{"allow":["GET"]}}],"collection":[{"href":"http:\/\/palmiyealisverismerkezi.com\/index.php\/wp-json\/wp\/v2\/pages"}],"about":[{"href":"http:\/\/palmiyealisverismerkezi.com\/index.php\/wp-json\/wp\/v2\/types\/page"}],"author":[{"embeddable":true,"href":"http:\/\/palmiyealisverismerkezi.com\/index.php\/wp-json\/wp\/v2\/users\/1"}],"replies":[{"embeddable":true,"href":"http:\/\/palmiyealisverismerkezi.com\/index.php\/wp-json\/wp\/v2\/comments?post=515"}],"version-history":[{"count":17,"href":"http:\/\/palmiyealisverismerkezi.com\/index.php\/wp-json\/wp\/v2\/pages\/515\/revisions"}],"predecessor-version":[{"id":908,"href":"http:\/\/palmiyealisverismerkezi.com\/index.php\/wp-json\/wp\/v2\/pages\/515\/revisions\/908"}],"wp:attachment":[{"href":"http:\/\/palmiyealisverismerkezi.com\/index.php\/wp-json\/wp\/v2\/media?parent=515"}],"curies":[{"name":"wp","href":"https:\/\/api.w.org\/{rel}","templated":true}]}}